{"id":110,"date":"2022-06-16T07:46:12","date_gmt":"2022-06-16T05:46:12","guid":{"rendered":"http:\/\/ecolenotredameduplasker-locmine.fr\/?page_id=110"},"modified":"2024-01-29T13:07:50","modified_gmt":"2024-01-29T12:07:50","slug":"les-actions","status":"publish","type":"page","link":"https:\/\/ecolenotredameduplasker-locmine.fr\/index.php\/les-actions\/","title":{"rendered":"Les actions"},"content":{"rendered":"\t\t<div data-elementor-type=\"wp-page\" data-elementor-id=\"110\" class=\"elementor elementor-110\">\n\t\t\t\t\t\t\t\t\t<section class=\"elementor-section elementor-top-section elementor-element elementor-element-62aaa33 elementor-section-boxed elementor-section-height-default elementor-section-height-default\" data-id=\"62aaa33\" data-element_type=\"section\">\n\t\t\t\t\t\t<div class=\"elementor-container elementor-column-gap-default\">\n\t\t\t\t\t<div class=\"elementor-column elementor-col-100 elementor-top-column elementor-element elementor-element-f1bd8f9\" data-id=\"f1bd8f9\" data-element_type=\"column\">\n\t\t\t<div class=\"elementor-widget-wrap elementor-element-populated\">\n\t\t\t\t\t\t\t\t<div class=\"elementor-element elementor-element-98cf901 elementor-widget elementor-widget-heading\" data-id=\"98cf901\" data-element_type=\"widget\" data-widget_type=\"heading.default\">\n\t\t\t\t<div class=\"elementor-widget-container\">\n\t\t\t<style>\/*! elementor - v3.16.0 - 17-10-2023 *\/\n.elementor-heading-title{padding:0;margin:0;line-height:1}.elementor-widget-heading .elementor-heading-title[class*=elementor-size-]>a{color:inherit;font-size:inherit;line-height:inherit}.elementor-widget-heading .elementor-heading-title.elementor-size-small{font-size:15px}.elementor-widget-heading .elementor-heading-title.elementor-size-medium{font-size:19px}.elementor-widget-heading .elementor-heading-title.elementor-size-large{font-size:29px}.elementor-widget-heading .elementor-heading-title.elementor-size-xl{font-size:39px}.elementor-widget-heading .elementor-heading-title.elementor-size-xxl{font-size:59px}<\/style><h2 class=\"elementor-heading-title elementor-size-default\">les actions \/ <\/br>\nAn oberezhio\u00f9<\/h2>\t\t<\/div>\n\t\t\t\t<\/div>\n\t\t\t\t\t<\/div>\n\t\t<\/div>\n\t\t\t\t\t\t\t<\/div>\n\t\t<\/section>\n\t\t\t\t<section class=\"elementor-section elementor-top-section elementor-element elementor-element-60b86a7 elementor-section-boxed elementor-section-height-default elementor-section-height-default\" data-id=\"60b86a7\" data-element_type=\"section\">\n\t\t\t\t\t\t<div class=\"elementor-container elementor-column-gap-default\">\n\t\t\t\t\t<div class=\"elementor-column elementor-col-100 elementor-top-column elementor-element elementor-element-d6920f0\" data-id=\"d6920f0\" data-element_type=\"column\">\n\t\t\t<div class=\"elementor-widget-wrap elementor-element-populated\">\n\t\t\t\t\t\t\t\t<div class=\"elementor-element elementor-element-e8698eb elementor-widget elementor-widget-spacer\" data-id=\"e8698eb\" data-element_type=\"widget\" data-widget_type=\"spacer.default\">\n\t\t\t\t<div class=\"elementor-widget-container\">\n\t\t\t<style>\/*! elementor - v3.16.0 - 17-10-2023 *\/\n.elementor-column .elementor-spacer-inner{height:var(--spacer-size)}.e-con{--container-widget-width:100%}.e-con-inner>.elementor-widget-spacer,.e-con>.elementor-widget-spacer{width:var(--container-widget-width,var(--spacer-size));--align-self:var(--container-widget-align-self,initial);--flex-shrink:0}.e-con-inner>.elementor-widget-spacer>.elementor-widget-container,.e-con>.elementor-widget-spacer>.elementor-widget-container{height:100%;width:100%}.e-con-inner>.elementor-widget-spacer>.elementor-widget-container>.elementor-spacer,.e-con>.elementor-widget-spacer>.elementor-widget-container>.elementor-spacer{height:100%}.e-con-inner>.elementor-widget-spacer>.elementor-widget-container>.elementor-spacer>.elementor-spacer-inner,.e-con>.elementor-widget-spacer>.elementor-widget-container>.elementor-spacer>.elementor-spacer-inner{height:var(--container-widget-height,var(--spacer-size))}.e-con-inner>.elementor-widget-spacer.elementor-widget-empty,.e-con>.elementor-widget-spacer.elementor-widget-empty{position:relative;min-height:22px;min-width:22px}.e-con-inner>.elementor-widget-spacer.elementor-widget-empty .elementor-widget-empty-icon,.e-con>.elementor-widget-spacer.elementor-widget-empty .elementor-widget-empty-icon{position:absolute;top:0;bottom:0;left:0;right:0;margin:auto;padding:0;width:22px;height:22px}<\/style>\t\t<div class=\"elementor-spacer\">\n\t\t\t<div class=\"elementor-spacer-inner\"><\/div>\n\t\t<\/div>\n\t\t\t\t<\/div>\n\t\t\t\t<\/div>\n\t\t\t\t\t<\/div>\n\t\t<\/div>\n\t\t\t\t\t\t\t<\/div>\n\t\t<\/section>\n\t\t\t\t<section class=\"elementor-section elementor-top-section elementor-element elementor-element-b9cb4f6 elementor-section-boxed elementor-section-height-default elementor-section-height-default\" data-id=\"b9cb4f6\" data-element_type=\"section\">\n\t\t\t\t\t\t<div class=\"elementor-container elementor-column-gap-default\">\n\t\t\t\t\t<div class=\"elementor-column elementor-col-50 elementor-top-column elementor-element elementor-element-65e09b4\" data-id=\"65e09b4\" data-element_type=\"column\">\n\t\t\t<div class=\"elementor-widget-wrap elementor-element-populated\">\n\t\t\t\t\t\t\t\t<div class=\"elementor-element elementor-element-6e15ded elementor-widget elementor-widget-heading\" data-id=\"6e15ded\" data-element_type=\"widget\" data-widget_type=\"heading.default\">\n\t\t\t\t<div class=\"elementor-widget-container\">\n\t\t\t<h2 class=\"elementor-heading-title elementor-size-default\">Rencontre avec Louis Burton<\/h2>\t\t<\/div>\n\t\t\t\t<\/div>\n\t\t\t\t\t<\/div>\n\t\t<\/div>\n\t\t\t\t<div class=\"elementor-column elementor-col-50 elementor-top-column elementor-element elementor-element-12f9e19\" data-id=\"12f9e19\" data-element_type=\"column\">\n\t\t\t<div class=\"elementor-widget-wrap\">\n\t\t\t\t\t\t\t\t\t<\/div>\n\t\t<\/div>\n\t\t\t\t\t\t\t<\/div>\n\t\t<\/section>\n\t\t\t\t<section class=\"elementor-section elementor-top-section elementor-element elementor-element-86137dd elementor-section-boxed elementor-section-height-default elementor-section-height-default\" data-id=\"86137dd\" data-element_type=\"section\">\n\t\t\t\t\t\t<div class=\"elementor-container elementor-column-gap-default\">\n\t\t\t\t\t<div class=\"elementor-column elementor-col-50 elementor-top-column elementor-element elementor-element-69214b0\" data-id=\"69214b0\" data-element_type=\"column\">\n\t\t\t<div class=\"elementor-widget-wrap elementor-element-populated\">\n\t\t\t\t\t\t\t\t<div class=\"elementor-element elementor-element-8cf957a elementor-widget elementor-widget-text-editor\" data-id=\"8cf957a\" data-element_type=\"widget\" data-widget_type=\"text-editor.default\">\n\t\t\t\t<div class=\"elementor-widget-container\">\n\t\t\t<style>\/*! elementor - v3.16.0 - 17-10-2023 *\/\n.elementor-widget-text-editor.elementor-drop-cap-view-stacked .elementor-drop-cap{background-color:#69727d;color:#fff}.elementor-widget-text-editor.elementor-drop-cap-view-framed .elementor-drop-cap{color:#69727d;border:3px solid;background-color:transparent}.elementor-widget-text-editor:not(.elementor-drop-cap-view-default) .elementor-drop-cap{margin-top:8px}.elementor-widget-text-editor:not(.elementor-drop-cap-view-default) .elementor-drop-cap-letter{width:1em;height:1em}.elementor-widget-text-editor .elementor-drop-cap{float:left;text-align:center;line-height:1;font-size:50px}.elementor-widget-text-editor .elementor-drop-cap-letter{display:inline-block}<\/style>\t\t\t\t<div dir=\"auto\">Retour en images sur la rencontre de Louis BURTON ( skipper Bureau Vall\u00e9e) avec nos \u00e9l\u00e8ves \u00e0 la salle de la Maillette, <strong>vendredi 3 f\u00e9vrier 2023<\/strong>. La rencontre a d\u00e9but\u00e9 par une vid\u00e9o de pr\u00e9sentation du dernier Vend\u00e9e Globe de Louis, qu&#8217;il a termin\u00e9 \u00e0 la 3\u00e8me place en 2020. Ensuite, les \u00e9l\u00e8ves ont pu pos\u00e9 leurs questions sur diff\u00e9rents th\u00e8mes: l&#8217;alimentation, la s\u00e9curit\u00e9, les animaux rencontr\u00e9s, les peurs survenues,le sommeil, les r\u00e9parations et le palmar\u00e8s&#8230;Cela a \u00e9t\u00e9 l&#8217;occasion pour Louis de nous dire qu&#8217;il sera au d\u00e9part du prochain Vend\u00e9e Globe et ce, avec un grand objectif!!<\/div><div dir=\"auto\">Un GRAND MERCI \u00e0 Louis pour sa disponibilit\u00e9 et sa simplicit\u00e9 aupr\u00e8s des \u00e9l\u00e8ves , \u00e0 son \u00e9quipe qui l&#8217;entoure ( Merci Estelle) et \u00e0 Laurent Chauvel Bureau Vall\u00e9e Locmin\u00e9 et Auray pour la mise en relation avec le staff de Louis.<\/div><div dir=\"auto\">Une superbe rencontre pour nos \u00e9l\u00e8ves et un bel exemple de champion sportif!!<\/div><div dir=\"auto\" style=\"text-align: center;\"><em>&#8220;Suivez vos r\u00eaves les enfants!&#8221;<\/em><\/div>\t\t\t\t\t\t<\/div>\n\t\t\t\t<\/div>\n\t\t\t\t\t<\/div>\n\t\t<\/div>\n\t\t\t\t<div class=\"elementor-column elementor-col-50 elementor-top-column elementor-element elementor-element-df71ec6\" data-id=\"df71ec6\" data-element_type=\"column\">\n\t\t\t<div class=\"elementor-widget-wrap elementor-element-populated\">\n\t\t\t\t\t\t\t\t<div class=\"elementor-element elementor-element-b3ac249 elementor-arrows-position-inside elementor-pagination-position-outside elementor-widget elementor-widget-image-carousel\" data-id=\"b3ac249\" data-element_type=\"widget\" data-settings=\"{&quot;slides_to_show&quot;:&quot;1&quot;,&quot;navigation&quot;:&quot;both&quot;,&quot;autoplay&quot;:&quot;yes&quot;,&quot;pause_on_hover&quot;:&quot;yes&quot;,&quot;pause_on_interaction&quot;:&quot;yes&quot;,&quot;autoplay_speed&quot;:5000,&quot;infinite&quot;:&quot;yes&quot;,&quot;effect&quot;:&quot;slide&quot;,&quot;speed&quot;:500}\" data-widget_type=\"image-carousel.default\">\n\t\t\t\t<div class=\"elementor-widget-container\">\n\t\t\t<style>\/*! elementor - v3.16.0 - 17-10-2023 *\/\n.elementor-widget-image-carousel .swiper,.elementor-widget-image-carousel .swiper-container{position:static}.elementor-widget-image-carousel .swiper-container .swiper-slide figure,.elementor-widget-image-carousel .swiper .swiper-slide figure{line-height:inherit}.elementor-widget-image-carousel .swiper-slide{text-align:center}.elementor-image-carousel-wrapper:not(.swiper-container-initialized):not(.swiper-initialized) .swiper-slide{max-width:calc(100% \/ var(--e-image-carousel-slides-to-show, 3))}<\/style>\t\t<div class=\"elementor-image-carousel-wrapper swiper-container\" dir=\"ltr\">\n\t\t\t<div class=\"elementor-image-carousel swiper-wrapper\" aria-live=\"off\">\n\t\t\t\t\t\t\t\t<div class=\"swiper-slide\" role=\"group\" aria-roledescription=\"slide\" aria-label=\"1 of 5\"><figure class=\"swiper-slide-inner\"><img decoding=\"async\" class=\"swiper-slide-image\" src=\"https:\/\/ecolenotredameduplasker-locmine.fr\/wp-content\/uploads\/2023\/02\/327900931_548453377239149_8623247936684651612_n-768x576.jpg\" alt=\"louis burton\" \/><\/figure><\/div><div class=\"swiper-slide\" role=\"group\" aria-roledescription=\"slide\" aria-label=\"2 of 5\"><figure class=\"swiper-slide-inner\"><img decoding=\"async\" class=\"swiper-slide-image\" src=\"https:\/\/ecolenotredameduplasker-locmine.fr\/wp-content\/uploads\/2023\/02\/329586175_919562029052371_1487641854712201519_n-768x576.jpg\" alt=\"louis burton\" \/><\/figure><\/div><div class=\"swiper-slide\" role=\"group\" aria-roledescription=\"slide\" aria-label=\"3 of 5\"><figure class=\"swiper-slide-inner\"><img decoding=\"async\" class=\"swiper-slide-image\" src=\"https:\/\/ecolenotredameduplasker-locmine.fr\/wp-content\/uploads\/2023\/02\/329593400_584675340174406_3215905284514416929_n-768x576.jpg\" alt=\"louis burton\" \/><\/figure><\/div><div class=\"swiper-slide\" role=\"group\" aria-roledescription=\"slide\" aria-label=\"4 of 5\"><figure class=\"swiper-slide-inner\"><img decoding=\"async\" class=\"swiper-slide-image\" src=\"https:\/\/ecolenotredameduplasker-locmine.fr\/wp-content\/uploads\/2023\/02\/329678777_1227886064519675_3716299821903649711_n-768x576.jpg\" alt=\"louis burton\" \/><\/figure><\/div><div class=\"swiper-slide\" role=\"group\" aria-roledescription=\"slide\" aria-label=\"5 of 5\"><figure class=\"swiper-slide-inner\"><img decoding=\"async\" class=\"swiper-slide-image\" src=\"https:\/\/ecolenotredameduplasker-locmine.fr\/wp-content\/uploads\/2023\/02\/329688304_717986663378263_6529906093614183724_n-768x577.jpg\" alt=\"louis burton\" \/><\/figure><\/div>\t\t\t<\/div>\n\t\t\t\t\t\t\t\t\t\t\t\t<div class=\"elementor-swiper-button elementor-swiper-button-prev\" role=\"button\" tabindex=\"0\">\n\t\t\t\t\t\t<i aria-hidden=\"true\" class=\"eicon-chevron-left\"><\/i>\t\t\t\t\t<\/div>\n\t\t\t\t\t<div class=\"elementor-swiper-button elementor-swiper-button-next\" role=\"button\" tabindex=\"0\">\n\t\t\t\t\t\t<i aria-hidden=\"true\" class=\"eicon-chevron-right\"><\/i>\t\t\t\t\t<\/div>\n\t\t\t\t\n\t\t\t\t\t\t\t\t\t<div class=\"swiper-pagination\"><\/div>\n\t\t\t\t\t\t\t\t\t<\/div>\n\t\t\t\t<\/div>\n\t\t\t\t<\/div>\n\t\t\t\t\t<\/div>\n\t\t<\/div>\n\t\t\t\t\t\t\t<\/div>\n\t\t<\/section>\n\t\t\t\t<section class=\"elementor-section elementor-top-section elementor-element elementor-element-d808a0f elementor-section-boxed elementor-section-height-default elementor-section-height-default\" data-id=\"d808a0f\" data-element_type=\"section\">\n\t\t\t\t\t\t<div class=\"elementor-container elementor-column-gap-default\">\n\t\t\t\t\t<div class=\"elementor-column elementor-col-100 elementor-top-column elementor-element elementor-element-77507e9\" data-id=\"77507e9\" data-element_type=\"column\">\n\t\t\t<div class=\"elementor-widget-wrap elementor-element-populated\">\n\t\t\t\t\t\t\t\t<div class=\"elementor-element elementor-element-7cb977a elementor-widget elementor-widget-spacer\" data-id=\"7cb977a\" data-element_type=\"widget\" data-widget_type=\"spacer.default\">\n\t\t\t\t<div class=\"elementor-widget-container\">\n\t\t\t\t\t<div class=\"elementor-spacer\">\n\t\t\t<div class=\"elementor-spacer-inner\"><\/div>\n\t\t<\/div>\n\t\t\t\t<\/div>\n\t\t\t\t<\/div>\n\t\t\t\t\t<\/div>\n\t\t<\/div>\n\t\t\t\t\t\t\t<\/div>\n\t\t<\/section>\n\t\t\t\t<section class=\"elementor-section elementor-top-section elementor-element elementor-element-8efcd9d elementor-section-boxed elementor-section-height-default elementor-section-height-default\" data-id=\"8efcd9d\" data-element_type=\"section\">\n\t\t\t\t\t\t<div class=\"elementor-container elementor-column-gap-default\">\n\t\t\t\t\t<div class=\"elementor-column elementor-col-50 elementor-top-column elementor-element elementor-element-7156074\" data-id=\"7156074\" data-element_type=\"column\">\n\t\t\t<div class=\"elementor-widget-wrap elementor-element-populated\">\n\t\t\t\t\t\t\t\t<div class=\"elementor-element elementor-element-5689364 elementor-widget elementor-widget-heading\" data-id=\"5689364\" data-element_type=\"widget\" data-widget_type=\"heading.default\">\n\t\t\t\t<div class=\"elementor-widget-container\">\n\t\t\t<h2 class=\"elementor-heading-title elementor-size-default\">Les Virades de l'Espoir<\/h2>\t\t<\/div>\n\t\t\t\t<\/div>\n\t\t\t\t\t<\/div>\n\t\t<\/div>\n\t\t\t\t<div class=\"elementor-column elementor-col-50 elementor-top-column elementor-element elementor-element-6e0fed2\" data-id=\"6e0fed2\" data-element_type=\"column\">\n\t\t\t<div class=\"elementor-widget-wrap\">\n\t\t\t\t\t\t\t\t\t<\/div>\n\t\t<\/div>\n\t\t\t\t\t\t\t<\/div>\n\t\t<\/section>\n\t\t\t\t<section class=\"elementor-section elementor-top-section elementor-element elementor-element-9ba4122 elementor-section-boxed elementor-section-height-default elementor-section-height-default\" data-id=\"9ba4122\" data-element_type=\"section\">\n\t\t\t\t\t\t<div class=\"elementor-container elementor-column-gap-default\">\n\t\t\t\t\t<div class=\"elementor-column elementor-col-50 elementor-top-column elementor-element elementor-element-4285e07\" data-id=\"4285e07\" data-element_type=\"column\">\n\t\t\t<div class=\"elementor-widget-wrap elementor-element-populated\">\n\t\t\t\t\t\t\t\t<div class=\"elementor-element elementor-element-8a97b17 elementor-widget elementor-widget-text-editor\" data-id=\"8a97b17\" data-element_type=\"widget\" data-widget_type=\"text-editor.default\">\n\t\t\t\t<div class=\"elementor-widget-container\">\n\t\t\t\t\t\t\t<p style=\"font-weight: 400;\">Malgr\u00e9 une m\u00e9t\u00e9o capricieuse, nos 460 \u00e9l\u00e8ves ont particip\u00e9 aux Virades de l&#8217;espoir du Morbihan ce <strong>vendredi 23 septembre<\/strong>. Des d\u00e9fis pour tous, des activit\u00e9s sportives et ludiques, et une flashmob pour conclure le rassemblement solidaire. Bravo et merci aux \u00e9l\u00e8ves, aux enseignants, aux parents accompagnateurs, aux \u00e9tudiants du lyc\u00e9e Anne de Bretagne.\u00a0\u00a0<\/p><p style=\"font-weight: 400;\">Pour nos \u00e9l\u00e8ves c&#8217;\u00e9tait aussi l&#8217;occasion de se lancer dans notre projet JO PARIS 2024 en gagnant lors des d\u00e9fis des pi\u00e8ces de puzzles servant \u00e0 reconstituer les affiches de 18 olympiades. Ces affiches seront expos\u00e9es \u00e0 l&#8217;\u00e9cole dans les jours \u00e0 venir&#8230;Sur les 2 ann\u00e9es \u00e0 venir, des temps forts seront men\u00e9s \u00e0 l\u2019\u00e9cole sur le th\u00e8me du sport et des JO.<\/p>\t\t\t\t\t\t<\/div>\n\t\t\t\t<\/div>\n\t\t\t\t\t<\/div>\n\t\t<\/div>\n\t\t\t\t<div class=\"elementor-column elementor-col-50 elementor-top-column elementor-element elementor-element-6dc7376\" data-id=\"6dc7376\" data-element_type=\"column\">\n\t\t\t<div class=\"elementor-widget-wrap elementor-element-populated\">\n\t\t\t\t\t\t\t\t<div class=\"elementor-element elementor-element-f64928c elementor-arrows-position-inside elementor-pagination-position-outside elementor-widget elementor-widget-image-carousel\" data-id=\"f64928c\" data-element_type=\"widget\" data-settings=\"{&quot;slides_to_show&quot;:&quot;1&quot;,&quot;navigation&quot;:&quot;both&quot;,&quot;autoplay&quot;:&quot;yes&quot;,&quot;pause_on_hover&quot;:&quot;yes&quot;,&quot;pause_on_interaction&quot;:&quot;yes&quot;,&quot;autoplay_speed&quot;:5000,&quot;infinite&quot;:&quot;yes&quot;,&quot;effect&quot;:&quot;slide&quot;,&quot;speed&quot;:500}\" data-widget_type=\"image-carousel.default\">\n\t\t\t\t<div class=\"elementor-widget-container\">\n\t\t\t\t\t<div class=\"elementor-image-carousel-wrapper swiper-container\" dir=\"ltr\">\n\t\t\t<div class=\"elementor-image-carousel swiper-wrapper\" aria-live=\"off\">\n\t\t\t\t\t\t\t\t<div class=\"swiper-slide\" role=\"group\" aria-roledescription=\"slide\" aria-label=\"1 of 7\"><figure class=\"swiper-slide-inner\"><img decoding=\"async\" class=\"swiper-slide-image\" src=\"https:\/\/ecolenotredameduplasker-locmine.fr\/wp-content\/uploads\/2022\/09\/IMG_1718-768x576.jpg\" alt=\"IMG_1718\" \/><\/figure><\/div><div class=\"swiper-slide\" role=\"group\" aria-roledescription=\"slide\" aria-label=\"2 of 7\"><figure class=\"swiper-slide-inner\"><img decoding=\"async\" class=\"swiper-slide-image\" src=\"https:\/\/ecolenotredameduplasker-locmine.fr\/wp-content\/uploads\/2022\/09\/Virade-ecole-9112-768x512.jpg\" alt=\"Virade \u00e9cole 9112\" \/><\/figure><\/div><div class=\"swiper-slide\" role=\"group\" aria-roledescription=\"slide\" aria-label=\"3 of 7\"><figure class=\"swiper-slide-inner\"><img decoding=\"async\" class=\"swiper-slide-image\" src=\"https:\/\/ecolenotredameduplasker-locmine.fr\/wp-content\/uploads\/2022\/09\/Virade-ecole-9108-768x512.jpg\" alt=\"Virade \u00e9cole 9108\" \/><\/figure><\/div><div class=\"swiper-slide\" role=\"group\" aria-roledescription=\"slide\" aria-label=\"4 of 7\"><figure class=\"swiper-slide-inner\"><img decoding=\"async\" class=\"swiper-slide-image\" src=\"https:\/\/ecolenotredameduplasker-locmine.fr\/wp-content\/uploads\/2022\/09\/IMG_1727-768x576.jpg\" alt=\"IMG_1727\" \/><\/figure><\/div><div class=\"swiper-slide\" role=\"group\" aria-roledescription=\"slide\" aria-label=\"5 of 7\"><figure class=\"swiper-slide-inner\"><img decoding=\"async\" class=\"swiper-slide-image\" src=\"https:\/\/ecolenotredameduplasker-locmine.fr\/wp-content\/uploads\/2022\/09\/IMG_1714-768x1024.jpg\" alt=\"IMG_1714\" \/><\/figure><\/div><div class=\"swiper-slide\" role=\"group\" aria-roledescription=\"slide\" aria-label=\"6 of 7\"><figure class=\"swiper-slide-inner\"><img decoding=\"async\" class=\"swiper-slide-image\" src=\"https:\/\/ecolenotredameduplasker-locmine.fr\/wp-content\/uploads\/2022\/09\/IMG_1717-768x1024.jpg\" alt=\"IMG_1717\" \/><\/figure><\/div><div class=\"swiper-slide\" role=\"group\" aria-roledescription=\"slide\" aria-label=\"7 of 7\"><figure class=\"swiper-slide-inner\"><img decoding=\"async\" class=\"swiper-slide-image\" src=\"https:\/\/ecolenotredameduplasker-locmine.fr\/wp-content\/uploads\/2022\/09\/IMG_1721-768x1024.jpg\" alt=\"IMG_1721\" \/><\/figure><\/div>\t\t\t<\/div>\n\t\t\t\t\t\t\t\t\t\t\t\t<div class=\"elementor-swiper-button elementor-swiper-button-prev\" role=\"button\" tabindex=\"0\">\n\t\t\t\t\t\t<i aria-hidden=\"true\" class=\"eicon-chevron-left\"><\/i>\t\t\t\t\t<\/div>\n\t\t\t\t\t<div class=\"elementor-swiper-button elementor-swiper-button-next\" role=\"button\" tabindex=\"0\">\n\t\t\t\t\t\t<i aria-hidden=\"true\" class=\"eicon-chevron-right\"><\/i>\t\t\t\t\t<\/div>\n\t\t\t\t\n\t\t\t\t\t\t\t\t\t<div class=\"swiper-pagination\"><\/div>\n\t\t\t\t\t\t\t\t\t<\/div>\n\t\t\t\t<\/div>\n\t\t\t\t<\/div>\n\t\t\t\t\t<\/div>\n\t\t<\/div>\n\t\t\t\t\t\t\t<\/div>\n\t\t<\/section>\n\t\t\t\t<section class=\"elementor-section elementor-top-section elementor-element elementor-element-aed926a elementor-section-boxed elementor-section-height-default elementor-section-height-default\" data-id=\"aed926a\" data-element_type=\"section\">\n\t\t\t\t\t\t<div class=\"elementor-container elementor-column-gap-default\">\n\t\t\t\t\t<div class=\"elementor-column elementor-col-100 elementor-top-column elementor-element elementor-element-5e2f646\" data-id=\"5e2f646\" data-element_type=\"column\">\n\t\t\t<div class=\"elementor-widget-wrap elementor-element-populated\">\n\t\t\t\t\t\t\t\t<div class=\"elementor-element elementor-element-eb2096c elementor-widget elementor-widget-shortcode\" data-id=\"eb2096c\" data-element_type=\"widget\" data-widget_type=\"shortcode.default\">\n\t\t\t\t<div class=\"elementor-widget-container\">\n\t\t\t\t\t<div class=\"elementor-shortcode\"><iframe loading=\"lazy\" src=\"https:\/\/www.facebook.com\/plugins\/post.php?href=https%3A%2F%2Fwww.facebook.com%2Fpermalink.php%3Fstory_fbid%3Dpfbid02LE7X9tjUGqAFkJxNRe1rnkLVPe8AwJs2gJvAA2oKKHDqvYwJofEn9r6QuRow7Wzfl%26id%3D100064469207893&show_text=true&width=500\" width=\"500\" height=\"742\" style=\"border:none;overflow:hidden\" scrolling=\"no\" frameborder=\"0\" allowfullscreen=\"true\" allow=\"autoplay; clipboard-write; encrypted-media; picture-in-picture; web-share\"><\/iframe><\/div>\n\t\t\t\t<\/div>\n\t\t\t\t<\/div>\n\t\t\t\t\t<\/div>\n\t\t<\/div>\n\t\t\t\t\t\t\t<\/div>\n\t\t<\/section>\n\t\t\t\t\t\t\t<\/div>\n\t\t","protected":false},"excerpt":{"rendered":"<p>les actions \/ An oberezhio\u00f9 Rencontre avec Louis Burton Retour en images sur la rencontre de Louis BURTON ( skipper Bureau Vall\u00e9e) avec nos \u00e9l\u00e8ves \u00e0 la salle de la Maillette, vendredi 3 f\u00e9vrier 2023. La rencontre a d\u00e9but\u00e9 par une vid\u00e9o de pr\u00e9sentation du dernier Vend\u00e9e Globe de Louis, qu&#8217;il a termin\u00e9 \u00e0 la 3\u00e8me place en 2020. Ensuite, les \u00e9l\u00e8ves ont pu pos\u00e9 leurs questions sur diff\u00e9rents th\u00e8mes: l&#8217;alimentation, la s\u00e9curit\u00e9, les animaux rencontr\u00e9s, les peurs survenues,le sommeil, les r\u00e9parations et le palmar\u00e8s&#8230;Cela a \u00e9t\u00e9 l&#8217;occasion pour Louis de nous dire qu&#8217;il sera au d\u00e9part du prochain Vend\u00e9e Globe et ce, avec un grand objectif!!Un GRAND MERCI \u00e0 Louis pour sa disponibilit\u00e9 et sa simplicit\u00e9 aupr\u00e8s des \u00e9l\u00e8ves , \u00e0 son \u00e9quipe qui l&#8217;entoure ( Merci Estelle) et \u00e0 Laurent Chauvel Bureau Vall\u00e9e Locmin\u00e9 et Auray pour la mise en relation avec le staff de Louis.Une superbe rencontre pour nos \u00e9l\u00e8ves et un bel exemple de champion sportif!!&#8220;Suivez vos r\u00eaves les enfants!&#8221; Les Virades de l&#8217;Espoir Malgr\u00e9 une m\u00e9t\u00e9o capricieuse, nos 460 \u00e9l\u00e8ves ont particip\u00e9 aux Virades de l&#8217;espoir du Morbihan ce vendredi 23 septembre. Des d\u00e9fis pour tous, des activit\u00e9s sportives et ludiques, et une flashmob pour conclure le rassemblement solidaire. Bravo et merci aux \u00e9l\u00e8ves, aux enseignants, aux parents accompagnateurs, aux \u00e9tudiants du lyc\u00e9e Anne de Bretagne.\u00a0\u00a0 Pour nos \u00e9l\u00e8ves c&#8217;\u00e9tait aussi l&#8217;occasion de se lancer dans notre projet JO PARIS 2024 en gagnant lors des d\u00e9fis des pi\u00e8ces de puzzles servant \u00e0 reconstituer les affiches de 18 olympiades. Ces affiches seront expos\u00e9es \u00e0 l&#8217;\u00e9cole dans les jours \u00e0 venir&#8230;Sur les 2 ann\u00e9es \u00e0 venir, des temps forts seront men\u00e9s \u00e0 l\u2019\u00e9cole sur le th\u00e8me du sport et des JO.<\/p>\n","protected":false},"author":1,"featured_media":0,"parent":0,"menu_order":0,"comment_status":"closed","ping_status":"closed","template":"elementor_header_footer","meta":{"footnotes":""},"class_list":["post-110","page","type-page","status-publish","hentry"],"_links":{"self":[{"href":"https:\/\/ecolenotredameduplasker-locmine.fr\/index.php\/wp-json\/wp\/v2\/pages\/110","targetHints":{"allow":["GET"]}}],"collection":[{"href":"https:\/\/ecolenotredameduplasker-locmine.fr\/index.php\/wp-json\/wp\/v2\/pages"}],"about":[{"href":"https:\/\/ecolenotredameduplasker-locmine.fr\/index.php\/wp-json\/wp\/v2\/types\/page"}],"author":[{"embeddable":true,"href":"https:\/\/ecolenotredameduplasker-locmine.fr\/index.php\/wp-json\/wp\/v2\/users\/1"}],"replies":[{"embeddable":true,"href":"https:\/\/ecolenotredameduplasker-locmine.fr\/index.php\/wp-json\/wp\/v2\/comments?post=110"}],"version-history":[{"count":19,"href":"https:\/\/ecolenotredameduplasker-locmine.fr\/index.php\/wp-json\/wp\/v2\/pages\/110\/revisions"}],"predecessor-version":[{"id":770,"href":"https:\/\/ecolenotredameduplasker-locmine.fr\/index.php\/wp-json\/wp\/v2\/pages\/110\/revisions\/770"}],"wp:attachment":[{"href":"https:\/\/ecolenotredameduplasker-locmine.fr\/index.php\/wp-json\/wp\/v2\/media?parent=110"}],"curies":[{"name":"wp","href":"https:\/\/api.w.org\/{rel}","templated":true}]}}